{"id":8508,"date":"2025-06-03T11:02:54","date_gmt":"2025-06-03T03:02:54","guid":{"rendered":"http:\/\/atlastouchtec.com\/?post_type=product&#038;p=8508"},"modified":"2025-06-03T11:02:54","modified_gmt":"2025-06-03T03:02:54","slug":"industrial-computer","status":"publish","type":"product","link":"https:\/\/atlastouchtec.com\/pt\/product\/industrial-computer\/","title":{"rendered":"Computador industrial"},"content":{"rendered":"<p>mini pc sem ventoinha<br \/>\n1.Design compacto alimentado por ARM<br \/>\nPCs industriais ultracompactos com CPUs de arquitetura ARM (Rockchip RK3568, RK3399, RK3588, RK3576), que proporcionam um desempenho robusto em ambientes com restri\u00e7\u00f5es de espa\u00e7o. Ideal para computa\u00e7\u00e3o de ponta, IIoT e aplica\u00e7\u00f5es industriais port\u00e1teis.<br \/>\n2. Durabilidade robusta sem ventoinha<br \/>\nConstru\u00eddo com arrefecimento sem ventoinha e caixas robustas de alum\u00ednio\/a\u00e7o, classificadas para resist\u00eancia ao p\u00f3\/\u00e1gua IP65\/IP67. Suporta temperaturas extremas (-40\u00b0C a 85\u00b0C), vibra\u00e7\u00f5es e condi\u00e7\u00f5es de f\u00e1brica adversas, garantindo fiabilidade 24 horas por dia, 7 dias por semana.<br \/>\n3. computa\u00e7\u00e3o perif\u00e9rica de elevado desempenho<br \/>\nSuporta CPUs ARM multi-core para processamento de dados em tempo real, infer\u00eancia de IA e automa\u00e7\u00e3o industrial. A RAM escal\u00e1vel (at\u00e9 32 GB DDR4) e o armazenamento (SSD\/NVMe) permitem uma integra\u00e7\u00e3o perfeita em sistemas inteligentes de fabrico, log\u00edstica e energias renov\u00e1veis.<br \/>\n4. versatilidade l\u00edder no sector<br \/>\nPrincipais mercados: Automa\u00e7\u00e3o industrial, rob\u00f3tica, redes inteligentes e monitoriza\u00e7\u00e3o de ambientes agressivos. O formato compacto facilita as instala\u00e7\u00f5es incorporadas em m\u00e1quinas, ve\u00edculos m\u00f3veis ou n\u00f3s de extremidade distribu\u00eddos.<br \/>\n5. funcionamento fi\u00e1vel sem ventoinha<br \/>\nO design sem manuten\u00e7\u00e3o elimina as pe\u00e7as m\u00f3veis, reduzindo o tempo de inatividade e aumentando a longevidade em ambientes industriais propensos a vibra\u00e7\u00f5es. Apoiado por um suporte de componentes de longa dura\u00e7\u00e3o para ciclos de utiliza\u00e7\u00e3o alargados.<\/p>","protected":false},"excerpt":{"rendered":"<p>Mini PC sem ventoinha 1. Design compacto alimentado por ARM PCs industriais ultra-compactos com CPUs de arquitetura ARM (Rockchip RK3568, RK3399, RK3588, RK3576), que proporcionam uma<\/p>","protected":false},"featured_media":8509,"template":"","meta":[],"product_cat":[73],"product_tag":[],"class_list":["post-8508","product","type-product","status-publish","has-post-thumbnail","hentry","product_cat-industrial-computer"],"_links":{"self":[{"href":"https:\/\/atlastouchtec.com\/pt\/wp-json\/wp\/v2\/product\/8508","targetHints":{"allow":["GET"]}}],"collection":[{"href":"https:\/\/atlastouchtec.com\/pt\/wp-json\/wp\/v2\/product"}],"about":[{"href":"https:\/\/atlastouchtec.com\/pt\/wp-json\/wp\/v2\/types\/product"}],"wp:featuredmedia":[{"embeddable":true,"href":"https:\/\/atlastouchtec.com\/pt\/wp-json\/wp\/v2\/media\/8509"}],"wp:attachment":[{"href":"https:\/\/atlastouchtec.com\/pt\/wp-json\/wp\/v2\/media?parent=8508"}],"wp:term":[{"taxonomy":"product_cat","embeddable":true,"href":"https:\/\/atlastouchtec.com\/pt\/wp-json\/wp\/v2\/product_cat?post=8508"},{"taxonomy":"product_tag","embeddable":true,"href":"https:\/\/atlastouchtec.com\/pt\/wp-json\/wp\/v2\/product_tag?post=8508"}],"curies":[{"name":"wp","href":"https:\/\/api.w.org\/{rel}","templated":true}]}}