{"id":8538,"date":"2025-06-03T11:10:37","date_gmt":"2025-06-03T03:10:37","guid":{"rendered":"http:\/\/atlastouchtec.com\/?post_type=product&#038;p=8538"},"modified":"2025-12-20T22:05:24","modified_gmt":"2025-12-20T14:05:24","slug":"capacitive-touch-monitor","status":"publish","type":"product","link":"https:\/\/atlastouchtec.com\/fr\/product\/capacitive-touch-monitor\/","title":{"rendered":"Moniteur tactile capacitif"},"content":{"rendered":"","protected":false},"excerpt":{"rendered":"<p>Disponibilit\u00e9 de plusieurs tailles d'\u00e9cran tactile de 7 \u00e0 27 pouces\uff0cip65<br \/>\nconception de panneaux \u00e0 bords \u00e9troits, optimis\u00e9s pour l'int\u00e9gration d'\u00e9quipements dans les armoires.<br \/>\nLa carte de pilotage de qualit\u00e9 industrielle garantit des performances stables.<br \/>\n\u00c9cran LCD de contr\u00f4le industriel haute d\u00e9finition avec options multi-touch : \u00c9cran tactile capacitif \u00e0 10 points (PCAP Touch).<br \/>\nConnectivit\u00e9 \u00e9tendue : Interfaces de sortie DP\/HDMI\/VGA.<br \/>\nprend en charge plusieurs m\u00e9thodes d'installation, telles que VESA, montage mural, encastrement, bureau, etc.<\/p>","protected":false},"featured_media":8991,"template":"","meta":[],"product_cat":[76],"product_tag":[],"class_list":["post-8538","product","type-product","status-publish","has-post-thumbnail","hentry","product_cat-monitor-industrial-touch"],"_links":{"self":[{"href":"https:\/\/atlastouchtec.com\/fr\/wp-json\/wp\/v2\/product\/8538","targetHints":{"allow":["GET"]}}],"collection":[{"href":"https:\/\/atlastouchtec.com\/fr\/wp-json\/wp\/v2\/product"}],"about":[{"href":"https:\/\/atlastouchtec.com\/fr\/wp-json\/wp\/v2\/types\/product"}],"wp:featuredmedia":[{"embeddable":true,"href":"https:\/\/atlastouchtec.com\/fr\/wp-json\/wp\/v2\/media\/8991"}],"wp:attachment":[{"href":"https:\/\/atlastouchtec.com\/fr\/wp-json\/wp\/v2\/media?parent=8538"}],"wp:term":[{"taxonomy":"product_cat","embeddable":true,"href":"https:\/\/atlastouchtec.com\/fr\/wp-json\/wp\/v2\/product_cat?post=8538"},{"taxonomy":"product_tag","embeddable":true,"href":"https:\/\/atlastouchtec.com\/fr\/wp-json\/wp\/v2\/product_tag?post=8538"}],"curies":[{"name":"wp","href":"https:\/\/api.w.org\/{rel}","templated":true}]}}