{"id":8508,"date":"2025-06-03T11:02:54","date_gmt":"2025-06-03T03:02:54","guid":{"rendered":"http:\/\/atlastouchtec.com\/?post_type=product&#038;p=8508"},"modified":"2025-06-03T11:02:54","modified_gmt":"2025-06-03T03:02:54","slug":"industrial-computer","status":"publish","type":"product","link":"https:\/\/atlastouchtec.com\/es\/product\/industrial-computer\/","title":{"rendered":"Ordenador industrial"},"content":{"rendered":"<p>mini pc sin ventilador<br \/>\n1.Dise\u00f1o compacto alimentado por ARM<br \/>\nPC industriales ultracompactos con CPU de arquitectura ARM (Rockchip RK3568, RK3399, RK3588, RK3576), que ofrecen un rendimiento s\u00f3lido en entornos con limitaciones de espacio. Ideales para edge computing, IIoT y aplicaciones industriales port\u00e1tiles.<br \/>\n2.Durabilidad robusta sin ventilador<br \/>\nConstruidas con refrigeraci\u00f3n sin ventilador y robustas carcasas de aluminio\/acero, con clasificaci\u00f3n IP65\/IP67 de resistencia al polvo\/agua. Soporta temperaturas extremas (de -40 \u00b0C a 85 \u00b0C), vibraciones y las condiciones m\u00e1s duras de la f\u00e1brica, garantizando una fiabilidad ininterrumpida.<br \/>\n3.Edge Computing de alto rendimiento<br \/>\nAdmite CPU ARM multin\u00facleo para el procesamiento de datos en tiempo real, la inferencia de IA y la automatizaci\u00f3n industrial. La RAM escalable (hasta 32 GB DDR4) y el almacenamiento (SSD\/NVMe) permiten una integraci\u00f3n perfecta en sistemas inteligentes de fabricaci\u00f3n, log\u00edstica y energ\u00edas renovables.<br \/>\n4.Versatilidad l\u00edder del sector<br \/>\nMercados clave: Automatizaci\u00f3n industrial, rob\u00f3tica, redes inteligentes y supervisi\u00f3n de entornos adversos. Su formato compacto facilita las instalaciones integradas en maquinaria, veh\u00edculos m\u00f3viles o nodos perif\u00e9ricos distribuidos.<br \/>\n5.Funcionamiento fiable sin ventilador<br \/>\nEl dise\u00f1o sin mantenimiento elimina las piezas m\u00f3viles, lo que reduce el tiempo de inactividad y aumenta la longevidad en entornos industriales propensos a las vibraciones. Respaldado por un soporte de componentes de larga duraci\u00f3n para ciclos de despliegue prolongados.<\/p>","protected":false},"excerpt":{"rendered":"<p>mini pc sin ventilador 1.Dise\u00f1o compacto alimentado por ARM PC industriales ultracompactos con CPU de arquitectura ARM (Rockchip RK3568, RK3399, RK3588, RK3576), que ofrecen una robustez<\/p>","protected":false},"featured_media":8509,"template":"","meta":[],"product_cat":[73],"product_tag":[],"class_list":["post-8508","product","type-product","status-publish","has-post-thumbnail","hentry","product_cat-industrial-computer"],"_links":{"self":[{"href":"https:\/\/atlastouchtec.com\/es\/wp-json\/wp\/v2\/product\/8508","targetHints":{"allow":["GET"]}}],"collection":[{"href":"https:\/\/atlastouchtec.com\/es\/wp-json\/wp\/v2\/product"}],"about":[{"href":"https:\/\/atlastouchtec.com\/es\/wp-json\/wp\/v2\/types\/product"}],"wp:featuredmedia":[{"embeddable":true,"href":"https:\/\/atlastouchtec.com\/es\/wp-json\/wp\/v2\/media\/8509"}],"wp:attachment":[{"href":"https:\/\/atlastouchtec.com\/es\/wp-json\/wp\/v2\/media?parent=8508"}],"wp:term":[{"taxonomy":"product_cat","embeddable":true,"href":"https:\/\/atlastouchtec.com\/es\/wp-json\/wp\/v2\/product_cat?post=8508"},{"taxonomy":"product_tag","embeddable":true,"href":"https:\/\/atlastouchtec.com\/es\/wp-json\/wp\/v2\/product_tag?post=8508"}],"curies":[{"name":"wp","href":"https:\/\/api.w.org\/{rel}","templated":true}]}}