{"id":8534,"date":"2025-06-03T11:09:31","date_gmt":"2025-06-03T03:09:31","guid":{"rendered":"http:\/\/atlastouchtec.com\/?post_type=product&#038;p=8534"},"modified":"2025-12-20T22:08:26","modified_gmt":"2025-12-20T14:08:26","slug":"resistive-touch-monitor","status":"publish","type":"product","link":"https:\/\/atlastouchtec.com\/de\/product\/resistive-touch-monitor\/","title":{"rendered":"Resistiver Touch-Monitor"},"content":{"rendered":"","protected":false},"excerpt":{"rendered":"<p>Geh\u00e4use aus Aluminiumlegierung, leicht einbaubares Design<br \/>\nIP65-gesch\u00fctzte flache Frontplatte<br \/>\nHochpr\u00e4zises Material aus Aluminiumlegierung.<br \/>\nKomponenten in Industriequalit\u00e4t<br \/>\nResistive touch<br \/>\nHDMI\/VGA\/DVI f\u00fcr hohe Display-Kompatibilit\u00e4t<br \/>\nVerschiedene Gr\u00f6\u00dfen von 7 Zoll bis 32 Zoll verf\u00fcgbar<\/p>","protected":false},"featured_media":8767,"template":"","meta":[],"product_cat":[76],"product_tag":[],"class_list":["post-8534","product","type-product","status-publish","has-post-thumbnail","hentry","product_cat-monitor-industrial-touch"],"_links":{"self":[{"href":"https:\/\/atlastouchtec.com\/de\/wp-json\/wp\/v2\/product\/8534","targetHints":{"allow":["GET"]}}],"collection":[{"href":"https:\/\/atlastouchtec.com\/de\/wp-json\/wp\/v2\/product"}],"about":[{"href":"https:\/\/atlastouchtec.com\/de\/wp-json\/wp\/v2\/types\/product"}],"wp:featuredmedia":[{"embeddable":true,"href":"https:\/\/atlastouchtec.com\/de\/wp-json\/wp\/v2\/media\/8767"}],"wp:attachment":[{"href":"https:\/\/atlastouchtec.com\/de\/wp-json\/wp\/v2\/media?parent=8534"}],"wp:term":[{"taxonomy":"product_cat","embeddable":true,"href":"https:\/\/atlastouchtec.com\/de\/wp-json\/wp\/v2\/product_cat?post=8534"},{"taxonomy":"product_tag","embeddable":true,"href":"https:\/\/atlastouchtec.com\/de\/wp-json\/wp\/v2\/product_tag?post=8534"}],"curies":[{"name":"wp","href":"https:\/\/api.w.org\/{rel}","templated":true}]}}