{"id":8508,"date":"2025-06-03T11:02:54","date_gmt":"2025-06-03T03:02:54","guid":{"rendered":"http:\/\/atlastouchtec.com\/?post_type=product&#038;p=8508"},"modified":"2025-06-03T11:02:54","modified_gmt":"2025-06-03T03:02:54","slug":"industrial-computer","status":"publish","type":"product","link":"https:\/\/atlastouchtec.com\/de\/product\/industrial-computer\/","title":{"rendered":"Industrielle Computer"},"content":{"rendered":"<p>l\u00fcfterloser mini pc<br \/>\n1. kompaktes ARM-betriebenes Design<br \/>\nUltrakompakte Industrie-PCs mit ARM-Architektur-CPUs (Rockchip RK3568, RK3399, RK3588, RK3576), die eine robuste Leistung in platzbeschr\u00e4nkten Umgebungen bieten. Ideal f\u00fcr Edge Computing, IIoT und tragbare industrielle Anwendungen.<br \/>\n2. robuste l\u00fcfterlose Langlebigkeit<br \/>\nGebaut mit l\u00fcfterloser K\u00fchlung und robusten Aluminium-\/Stahlgeh\u00e4usen, die nach IP65\/IP67 staub- und wasserdicht sind. Widersteht extremen Temperaturen (-40\u00b0C bis 85\u00b0C), Vibrationen und rauen Werksbedingungen und gew\u00e4hrleistet Zuverl\u00e4ssigkeit rund um die Uhr.<br \/>\n3. hochleistungsf\u00e4higes Edge Computing<br \/>\nUnterst\u00fctzt Multi-Core-ARM-CPUs f\u00fcr Echtzeit-Datenverarbeitung, KI-Inferenz und industrielle Automatisierung. Skalierbarer RAM (bis zu 32 GB DDR4) und Speicher (SSD\/NVMe) erm\u00f6glichen die nahtlose Integration in intelligente Fertigungs-, Logistik- und erneuerbare Energiesysteme.<br \/>\n4. branchenf\u00fchrende Vielseitigkeit<br \/>\nSchl\u00fcsselm\u00e4rkte: Industrieautomatisierung, Robotik, intelligente Stromnetze und \u00dcberwachung in rauen Umgebungen. Der kompakte Formfaktor erleichtert eingebettete Installationen in Maschinen, mobilen Fahrzeugen oder verteilten Edge-Knoten.<br \/>\n5. zuverl\u00e4ssiger l\u00fcfterloser Betrieb<br \/>\nDie wartungsfreie Konstruktion kommt ohne bewegliche Teile aus, was die Ausfallzeiten reduziert und die Langlebigkeit in vibrationsanf\u00e4lligen Industrieumgebungen erh\u00f6ht. Unterst\u00fctzt durch langlebigen Komponentensupport f\u00fcr l\u00e4ngere Einsatzzyklen.<\/p>","protected":false},"excerpt":{"rendered":"<p>l\u00fcfterloser mini-pc 1. kompaktes ARM-Design Ultrakompakte Industrie-PCs mit ARM-Architektur-CPUs (Rockchip RK3568, RK3399, RK3588, RK3576), die eine robuste<\/p>","protected":false},"featured_media":8509,"template":"","meta":[],"product_cat":[73],"product_tag":[],"class_list":["post-8508","product","type-product","status-publish","has-post-thumbnail","hentry","product_cat-industrial-computer"],"_links":{"self":[{"href":"https:\/\/atlastouchtec.com\/de\/wp-json\/wp\/v2\/product\/8508","targetHints":{"allow":["GET"]}}],"collection":[{"href":"https:\/\/atlastouchtec.com\/de\/wp-json\/wp\/v2\/product"}],"about":[{"href":"https:\/\/atlastouchtec.com\/de\/wp-json\/wp\/v2\/types\/product"}],"wp:featuredmedia":[{"embeddable":true,"href":"https:\/\/atlastouchtec.com\/de\/wp-json\/wp\/v2\/media\/8509"}],"wp:attachment":[{"href":"https:\/\/atlastouchtec.com\/de\/wp-json\/wp\/v2\/media?parent=8508"}],"wp:term":[{"taxonomy":"product_cat","embeddable":true,"href":"https:\/\/atlastouchtec.com\/de\/wp-json\/wp\/v2\/product_cat?post=8508"},{"taxonomy":"product_tag","embeddable":true,"href":"https:\/\/atlastouchtec.com\/de\/wp-json\/wp\/v2\/product_tag?post=8508"}],"curies":[{"name":"wp","href":"https:\/\/api.w.org\/{rel}","templated":true}]}}